{"id":46,"date":"2021-04-26T22:30:44","date_gmt":"2021-04-26T20:30:44","guid":{"rendered":"http:\/\/kine-osteo-bischwiller.fr\/?page_id=46"},"modified":"2025-05-22T20:45:47","modified_gmt":"2025-05-22T18:45:47","slug":"en-construction","status":"publish","type":"page","link":"https:\/\/kine-osteo-bischwiller.fr\/","title":{"rendered":"Ost\u00e9opathe DO \u00e0 Bischwiller"},"content":{"rendered":"\n<div class=\"wp-block-group is-nowrap is-layout-flex wp-container-core-group-is-layout-ad2f72ca wp-block-group-is-layout-flex\"><div class=\"wp-block-image\">\n<figure class=\"aligncenter size-large is-resized\"><img loading=\"lazy\" decoding=\"async\" width=\"649\" height=\"1024\" src=\"https:\/\/kine-osteo-bischwiller.fr\/wp-content\/uploads\/2024\/07\/IMG_7568-EDIT-649x1024.jpg\" alt=\"\" class=\"wp-image-274\" style=\"width:161px;height:auto\" srcset=\"https:\/\/kine-osteo-bischwiller.fr\/wp-content\/uploads\/2024\/07\/IMG_7568-EDIT-649x1024.jpg 649w, https:\/\/kine-osteo-bischwiller.fr\/wp-content\/uploads\/2024\/07\/IMG_7568-EDIT-190x300.jpg 190w, https:\/\/kine-osteo-bischwiller.fr\/wp-content\/uploads\/2024\/07\/IMG_7568-EDIT-768x1212.jpg 768w, https:\/\/kine-osteo-bischwiller.fr\/wp-content\/uploads\/2024\/07\/IMG_7568-EDIT-973x1536.jpg 973w, https:\/\/kine-osteo-bischwiller.fr\/wp-content\/uploads\/2024\/07\/IMG_7568-EDIT-1297x2048.jpg 1297w, https:\/\/kine-osteo-bischwiller.fr\/wp-content\/uploads\/2024\/07\/IMG_7568-EDIT-1200x1894.jpg 1200w, https:\/\/kine-osteo-bischwiller.fr\/wp-content\/uploads\/2024\/07\/IMG_7568-EDIT-scaled.jpg 1622w\" sizes=\"auto, (max-width: 649px) 100vw, 649px\" \/><\/figure>\n<\/div>\n\n\n<p class=\"has-text-align-left\">Pauline KLEIN Ost\u00e9opathe DO<\/p>\n\n\n\n<p><\/p>\n<\/div>\n\n\n\n<div class=\"wp-block-group\"><div class=\"wp-block-group__inner-container is-layout-constrained wp-block-group-is-layout-constrained\">\n<h2 class=\"wp-block-heading\" id=\"prendre-rendez-vous\"><mark style=\"background-color:rgba(0, 0, 0, 0)\" class=\"has-inline-color has-pale-pink-color\">Prise de rendez-vous<\/mark><\/h2>\n\n\n\n<p>La prise de rendez-vous se fait directement via <a href=\"https:\/\/www.doctolib.fr\/osteopathe\/bischwiller\/pauline-klein\" target=\"_blank\" rel=\"noreferrer noopener\">Doctolib<\/a> ou par t\u00e9l\u00e9phone au 03 69 13 55 19.<\/p>\n\n\n\n<p>Pour prendre rendez-vous avec Pauline : consultation d&rsquo;ost\u00e9opathie,  endom\u00e9triose\/douleurs pelviennes, femme enceinte, post-partum, nourisson,&#8230;<\/p>\n\n\n\n<figure class=\"wp-block-image size-large is-resized is-style-rounded\"><a class=\"\" href=\"https:\/\/www.doctolib.fr\/osteopathe\/bischwiller\/pauline-klein\" target=\"_blank\" rel=\"noopener\"><img loading=\"lazy\" decoding=\"async\" width=\"108\" height=\"46\" src=\"https:\/\/kine-osteo-bischwiller.fr\/wp-content\/uploads\/2021\/04\/Doctolib.png\" alt=\"Doctolib\" class=\"wp-image-76\" style=\"width:134px;height:57px\"\/><\/a><\/figure>\n<\/div><\/div>\n\n\n\n<h2 class=\"wp-block-heading\" id=\"horaires\"><mark style=\"background-color:rgba(0, 0, 0, 0)\" class=\"has-inline-color has-pale-pink-color\">Horaires<\/mark><\/h2>\n\n\n\n<figure class=\"wp-block-table\"><table><tbody><tr><td>Lundi<\/td><td>8h30 &#8211; 12h30<\/td><td>13h30 &#8211; 18h30<\/td><\/tr><tr><td>Mardi<\/td><td>8h30 &#8211; 12h30<\/td><td>13h30 &#8211; 18h30<\/td><\/tr><tr><td>Jeudi<\/td><td>8h30 &#8211; 12h30<\/td><td>13h30 &#8211; 18h30<\/td><\/tr><tr><td>Vendredi<\/td><td>8h30 &#8211; 12h30<\/td><td>13h30 &#8211; 18h30<\/td><\/tr><\/tbody><\/table><\/figure>\n\n\n\n<h2 class=\"wp-block-heading\"><mark style=\"background-color:rgba(0, 0, 0, 0)\" class=\"has-inline-color has-pale-pink-color\">Adresse<\/mark><\/h2>\n\n\n\n<p>4C Rue du Mar\u00e9chal Joffre &#8211; 67240 Bischwiller<\/p>\n\n\n\n<p>Facilement accessible : gare ferroviaire, bus Ritmo ligne 1 et 4, et parkings gratuits \u00e0 proximit\u00e9.<\/p>\n\n\n\n<p>Le cabinet est au 1er \u00e9tage avec ascenseur.<\/p>\n\n\n\n<p>Le parking de la gare de Bischwiller \u00e0 environ 100 m\u00e8tres est gratuit et il y a \u00e9galement quelques places gratuites dans la rue. <\/p>\n\n\n\n<p>Les lignes 1 et 4 du r\u00e9seau de bus <a href=\"https:\/\/www.ritmo.fr\" target=\"_blank\" rel=\"noreferrer noopener\">Ritmo<\/a> s&rsquo;arr\u00eatent \u00e9galement \u00e0 moins de 100 m\u00e8tres.<\/p>\n\n\n\n<p>Voir l&rsquo;itin\u00e9raire sur <a rel=\"noreferrer noopener\" href=\"https:\/\/goo.gl\/maps\/FieEzfF7BovCRrG27\" data-type=\"URL\" data-id=\"https:\/\/goo.gl\/maps\/FieEzfF7BovCRrG27\" target=\"_blank\">Google Maps<\/a><\/p>\n\n\n<div id=\"wpgmza_map\" class=\"wpgmza_map\" data-settings='{\"id\":\"1\",\"map_title\":\"Cabinet\",\"map_width\":\"100\",\"map_height\":\"400\",\"map_start_lat\":\"48.76666168424376\",\"map_start_lng\":\"7.851140892934679\",\"map_start_location\":\"45.950464398418106,-109.81550500000003\",\"map_start_zoom\":\"17\",\"default_marker\":\"\",\"type\":\"0\",\"alignment\":\"4\",\"directions_enabled\":\"0\",\"styling_enabled\":\"0\",\"styling_json\":\"\",\"active\":\"0\",\"kml\":\"\",\"bicycle\":\"0\",\"traffic\":\"0\",\"dbox\":\"0\",\"dbox_width\":\"\",\"listmarkers\":\"0\",\"listmarkers_advanced\":\"0\",\"filterbycat\":\"0\",\"ugm_enabled\":\"0\",\"ugm_category_enabled\":\"0\",\"fusion\":\"\",\"map_width_type\":\"%\",\"map_height_type\":\"px\",\"mass_marker_support\":\"0\",\"ugm_access\":\"0\",\"order_markers_by\":\"0\",\"order_markers_choice\":\"0\",\"show_user_location\":\"0\",\"default_to\":\"\",\"other_settings\":{\"map_type\":1,\"sl_stroke_color\":\"\",\"sl_fill_color\":\"\",\"sl_stroke_opacity\":\"\",\"sl_fill_opacity\":\"\",\"transport_layer\":false,\"action\":\"wpgmza_save_map\",\"redirect_to\":\"\\\/wp-admin\\\/admin-post.php\",\"map_id\":\"1\",\"http_referer\":\"\\\/wp-admin\\\/admin.php?page=wp-google-maps-menu&amp;action=edit&amp;map_id=1\",\"wpgmza_id\":\"1\",\"wpgmza_start_location\":\"48.76666168424376,7.851140892934679\",\"wpgmza_start_zoom\":\"17\",\"store_locator_enabled\":false,\"store_locator_search_area\":\"radial\",\"wpgmza_store_locator_radius_style\":\"legacy\",\"wpgmza_store_locator_default_radius\":\"10\",\"store_locator_auto_area_max_zoom\":\"\",\"store_locator_distance\":false,\"wpgmza_store_locator_position\":false,\"store_locator_show_distance\":false,\"store_locator_category\":false,\"wpgmza_store_locator_use_their_location\":false,\"wpgmza_store_locator_bounce\":false,\"wpgmza_sl_animation\":null,\"wpgmza_store_locator_hide_before_search\":false,\"store_locator_query_string\":\"\",\"store_locator_default_address\":\"\",\"store_locator_name_search\":false,\"store_locator_name_string\":\"\",\"store_locator_not_found_message\":\"\",\"wpgmza_map_align\":\"1\",\"jump_to_nearest_marker_on_initialization\":false,\"automatically_pan_to_users_location\":false,\"override_users_location_zoom_level\":false,\"override_users_location_zoom_levels\":\"\",\"show_distance_from_location\":false,\"map_max_zoom\":\"21\",\"map_min_zoom\":\"0\",\"click_open_link\":false,\"fit_maps_bounds_to_markers\":false,\"fit_maps_bounds_to_markers_after_filtering\":false,\"hide_point_of_interest\":false,\"wpgmza_zoom_on_marker_click\":false,\"wpgmza_zoom_on_marker_click_slider\":\"\",\"close_infowindow_on_map_click\":false,\"disable_lightbox_images\":false,\"use_Raw_Jpeg_Coordinates\":false,\"polygon_labels\":false,\"disable_polygon_info_windows\":false,\"enable_marker_ratings\":false,\"only_load_markers_within_viewport\":false,\"iw_primary_color\":\"\",\"iw_accent_color\":\"\",\"iw_text_color\":\"\",\"wpgmza_listmarkers_by\":\"0\",\"wpgmza_marker_listing_position\":false,\"datatable_no_result_message\":\"\",\"remove_search_box_datables\":false,\"dataTable_pagination_style\":null,\"datatable_search_string\":\"\",\"datatable_result_start\":\"\",\"datatable_result_of\":\"\",\"datatable_result_to\":\"\",\"datatable_result_total\":\"\",\"datatable_result_show\":\"\",\"datatable_result_entries\":\"\",\"wpgmza_savemap\":\"Enregistrer la carte \\u00bb\"}}' data-map-id='1' Data-maps-engine='open-layers' data-shortcode-attributes='{\"id\":\"1\"}' style=\"display:block; overflow:auto; width:100%; height:400px; float:left;\"><\/div>","protected":false},"excerpt":{"rendered":"<p>Pauline KLEIN Ost\u00e9opathe DO Prise de rendez-vous La prise de rendez-vous se fait directement via Doctolib ou par t\u00e9l\u00e9phone au 03 69 13 55 19. Pour prendre rendez-vous avec Pauline : consultation d&rsquo;ost\u00e9opathie, endom\u00e9triose\/douleurs pelviennes, femme enceinte, post-partum, nourisson,&#8230; Horaires Lundi 8h30 &#8211; 12h30 13h30 &#8211; 18h30 Mardi 8h30 &#8211; 12h30 13h30 &#8211; 18h30 Jeudi [&hellip;]<\/p>\n","protected":false},"author":1,"featured_media":266,"parent":0,"menu_order":0,"comment_status":"closed","ping_status":"closed","template":"","meta":{"footnotes":""},"class_list":["post-46","page","type-page","status-publish","has-post-thumbnail","hentry"],"_links":{"self":[{"href":"https:\/\/kine-osteo-bischwiller.fr\/index.php?rest_route=\/wp\/v2\/pages\/46","targetHints":{"allow":["GET"]}}],"collection":[{"href":"https:\/\/kine-osteo-bischwiller.fr\/index.php?rest_route=\/wp\/v2\/pages"}],"about":[{"href":"https:\/\/kine-osteo-bischwiller.fr\/index.php?rest_route=\/wp\/v2\/types\/page"}],"author":[{"embeddable":true,"href":"https:\/\/kine-osteo-bischwiller.fr\/index.php?rest_route=\/wp\/v2\/users\/1"}],"replies":[{"embeddable":true,"href":"https:\/\/kine-osteo-bischwiller.fr\/index.php?rest_route=%2Fwp%2Fv2%2Fcomments&post=46"}],"version-history":[{"count":24,"href":"https:\/\/kine-osteo-bischwiller.fr\/index.php?rest_route=\/wp\/v2\/pages\/46\/revisions"}],"predecessor-version":[{"id":345,"href":"https:\/\/kine-osteo-bischwiller.fr\/index.php?rest_route=\/wp\/v2\/pages\/46\/revisions\/345"}],"wp:featuredmedia":[{"embeddable":true,"href":"https:\/\/kine-osteo-bischwiller.fr\/index.php?rest_route=\/wp\/v2\/media\/266"}],"wp:attachment":[{"href":"https:\/\/kine-osteo-bischwiller.fr\/index.php?rest_route=%2Fwp%2Fv2%2Fmedia&parent=46"}],"curies":[{"name":"wp","href":"https:\/\/api.w.org\/{rel}","templated":true}]}}