{"id":293,"date":"2024-09-09T15:24:37","date_gmt":"2024-09-09T13:24:37","guid":{"rendered":"https:\/\/kine-osteo-bischwiller.fr\/?page_id=293"},"modified":"2025-09-16T15:29:19","modified_gmt":"2025-09-16T13:29:19","slug":"soins-bien-etre","status":"publish","type":"page","link":"https:\/\/kine-osteo-bischwiller.fr\/?page_id=293","title":{"rendered":"Soins bien-\u00eatre"},"content":{"rendered":"\n<div class=\"wp-block-group is-nowrap is-layout-flex wp-container-core-group-is-layout-ad2f72ca wp-block-group-is-layout-flex\">\n<p>\u2728 Forte de mon exp\u00e9rience en tant que kin\u00e9sith\u00e9rapeute, je vous propose diff\u00e9rents soins bien-\u00eatre adapt\u00e9s \u00e0 vos besoins.<br>\ud83d\udcc5 Vous pouvez prendre rendez-vous directement en ligne via Doctolib, ou me contacter pour plus d\u2019informations.<\/p>\n<\/div>\n\n\n<div class=\"wp-block-image is-style-rounded\">\n<figure class=\"aligncenter size-large is-resized\"><a class=\"\" href=\"https:\/\/www.doctolib.fr\/osteopathe\/bischwiller\/pauline-klein\" target=\"_blank\" rel=\"noopener\"><img loading=\"lazy\" decoding=\"async\" width=\"108\" height=\"46\" src=\"https:\/\/kine-osteo-bischwiller.fr\/wp-content\/uploads\/2021\/04\/Doctolib.png\" alt=\"Doctolib\" class=\"wp-image-76\" style=\"width:134px;height:57px\"\/><\/a><\/figure>\n<\/div>\n\n\n<p>\ud83c\udf81 Envie de faire plaisir \u00e0 un proche ? Offrez un moment de d\u00e9tente gr\u00e2ce aux bons cadeaux disponibles !<\/p>\n\n\n\n<h3 class=\"wp-block-heading has-text-align-center\" id=\"we-re-a-studio-in-berlin-with-an-international-practice-in-architecture-urban-planning-and-interior-design-we-believe-in-sharing-knowledge-and-promoting-dialogue-to-increase-the-creative-potential-of-collaboration\" style=\"font-size:24px;line-height:1.3\"><strong>Massage ayurv\u00e9dique Abhyanga<\/strong><\/h3>\n\n\n\n<p class=\"has-text-align-center\">Le massage <strong>Abhyanga<\/strong> est un soin traditionnel ayurv\u00e9dique d\u2019origine indienne, reconnu pour ses bienfaits profonds sur le corps et l\u2019esprit. Il consiste en un massage complet du corps avec des huiles chaudes adapt\u00e9es \u00e0 votre constitution, favorisant la d\u00e9tente, la circulation sanguine et lymphatique, et l\u2019\u00e9limination des tensions.<\/p>\n\n\n\n<p>Cette approche holistique aide \u00e0 harmoniser le corps et l\u2019esprit, \u00e0 revitaliser l\u2019\u00e9nergie vitale et \u00e0 am\u00e9liorer la souplesse des muscles et des articulations. Plus qu\u2019un simple massage, il offre un moment de relaxation profonde, de r\u00e9\u00e9quilibrage \u00e9nerg\u00e9tique et de bien-\u00eatre durable.<\/p>\n\n\n\n<p class=\"has-text-align-center\">Id\u00e9al pour r\u00e9duire le stress, stimuler la vitalit\u00e9 et retrouver un sentiment global de s\u00e9r\u00e9nit\u00e9.<\/p>\n\n\n\n<p class=\"has-text-align-center\">1h : 80\u20ac<\/p>\n\n\n\n<figure class=\"wp-block-image size-full\"><img loading=\"lazy\" decoding=\"async\" width=\"541\" height=\"280\" src=\"https:\/\/kine-osteo-bischwiller.fr\/wp-content\/uploads\/2025\/09\/Capture-decran-2025-09-16-151350.png\" alt=\"\" class=\"wp-image-408\" srcset=\"https:\/\/kine-osteo-bischwiller.fr\/wp-content\/uploads\/2025\/09\/Capture-decran-2025-09-16-151350.png 541w, https:\/\/kine-osteo-bischwiller.fr\/wp-content\/uploads\/2025\/09\/Capture-decran-2025-09-16-151350-300x155.png 300w\" sizes=\"auto, (max-width: 541px) 100vw, 541px\" \/><\/figure>\n\n\n\n<div class=\"wp-block-columns alignwide are-vertically-aligned-center has-text-color has-background is-layout-flex wp-container-core-columns-is-layout-9d6595d7 wp-block-columns-is-layout-flex\" style=\"color:#000000;background-color:#ffffff\">\n<div class=\"wp-block-column is-vertically-aligned-center is-layout-flow wp-block-column-is-layout-flow\">\n<div class=\"wp-block-columns is-layout-flex wp-container-core-columns-is-layout-9d6595d7 wp-block-columns-is-layout-flex\">\n<div class=\"wp-block-column is-layout-flow wp-block-column-is-layout-flow\" style=\"flex-basis:100%\">\n<p><\/p>\n<\/div>\n<\/div>\n\n\n\n<div class=\"wp-block-media-text is-stacked-on-mobile\"><figure class=\"wp-block-media-text__media\"><img loading=\"lazy\" decoding=\"async\" width=\"313\" height=\"314\" src=\"https:\/\/kine-osteo-bischwiller.fr\/wp-content\/uploads\/2024\/09\/Capture-decran-2024-07-24-105653-1.png\" alt=\"\" class=\"wp-image-298 size-full\" srcset=\"https:\/\/kine-osteo-bischwiller.fr\/wp-content\/uploads\/2024\/09\/Capture-decran-2024-07-24-105653-1.png 313w, https:\/\/kine-osteo-bischwiller.fr\/wp-content\/uploads\/2024\/09\/Capture-decran-2024-07-24-105653-1-300x300.png 300w, https:\/\/kine-osteo-bischwiller.fr\/wp-content\/uploads\/2024\/09\/Capture-decran-2024-07-24-105653-1-150x150.png 150w, https:\/\/kine-osteo-bischwiller.fr\/wp-content\/uploads\/2024\/09\/Capture-decran-2024-07-24-105653-1-100x100.png 100w\" sizes=\"auto, (max-width: 313px) 100vw, 313px\" \/><\/figure><div class=\"wp-block-media-text__content\">\n<p style=\"font-size:24px;line-height:1.3\"><strong>Soin post-partum \u2013 Relaxation et r\u00e9\u00e9quilibrage<br><\/strong>Un moment de bien-\u00eatre complet pour accompagner la r\u00e9cup\u00e9ration apr\u00e8s l\u2019accouchement. Ce soin comprend :<\/p>\n\n\n\n<ul class=\"wp-block-list\">\n<li><strong>Massage drainant des jambes<\/strong> pour soulager les sensations de lourdeur et favoriser la circulation lymphatique.<\/li>\n\n\n\n<li><strong>Massage du ventre<\/strong> doux et enveloppant pour aider \u00e0 la d\u00e9tente musculaire et au confort abdominal.<\/li>\n\n\n\n<li><strong>Resserrement du bassin type Rebozo<\/strong> pour soutenir la r\u00e9harmonisation du corps apr\u00e8s la grossesse et retrouver un sentiment de stabilit\u00e9.<\/li>\n<\/ul>\n\n\n\n<p>Dur\u00e9e\u202f: 60 min 80\u20ac \u2013 Adapt\u00e9 aux jeunes mamans souhaitant prendre soin de leur corps en douceur.<\/p>\n<\/div><\/div>\n\n\n\n<div class=\"wp-block-columns alignfull has-text-color has-background is-layout-flex wp-container-core-columns-is-layout-9d6595d7 wp-block-columns-is-layout-flex\" style=\"color:#000000;background-color:#ffffff\">\n<div class=\"wp-block-column is-vertically-aligned-top is-layout-flow wp-block-column-is-layout-flow\">\n<div class=\"wp-block-group is-layout-grid wp-container-core-group-is-layout-9649a0d9 wp-block-group-is-layout-grid\">\n<h3 class=\"wp-block-heading has-text-align-center\" style=\"font-size:24px;line-height:1.3\"><strong>Massage aux pierres chaudes<\/strong><\/h3>\n\n\n\n<p class=\"wp-container-content-69bc4bdf\">Soulage les tensions musculaires, \u00e9limine les toxines du corps.<\/p>\n\n\n\n<p class=\"has-text-align-center\">Dos &#8211; 30 min : 45\u20ac<\/p>\n\n\n\n<p class=\"has-text-align-center\">Dos et membres &#8211; <\/p>\n\n\n\n<p class=\"has-text-align-center\">1h : 80\u20ac<\/p>\n\n\n\n<p><\/p>\n<\/div>\n\n\n\n<figure class=\"wp-block-image size-full\"><img loading=\"lazy\" decoding=\"async\" width=\"927\" height=\"608\" src=\"https:\/\/kine-osteo-bischwiller.fr\/wp-content\/uploads\/2024\/09\/Capture-decran-2024-09-09-145837.png\" alt=\"\" class=\"wp-image-300\" srcset=\"https:\/\/kine-osteo-bischwiller.fr\/wp-content\/uploads\/2024\/09\/Capture-decran-2024-09-09-145837.png 927w, https:\/\/kine-osteo-bischwiller.fr\/wp-content\/uploads\/2024\/09\/Capture-decran-2024-09-09-145837-300x197.png 300w, https:\/\/kine-osteo-bischwiller.fr\/wp-content\/uploads\/2024\/09\/Capture-decran-2024-09-09-145837-768x504.png 768w\" sizes=\"auto, (max-width: 927px) 100vw, 927px\" \/><\/figure>\n<\/div>\n\n\n\n<div class=\"wp-block-column is-vertically-aligned-top is-layout-flow wp-block-column-is-layout-flow\">\n<div class=\"wp-block-columns is-layout-flex wp-container-core-columns-is-layout-9d6595d7 wp-block-columns-is-layout-flex\">\n<div class=\"wp-block-column is-vertically-aligned-center is-layout-flow wp-block-column-is-layout-flow\" style=\"flex-basis:100%\">\n<div class=\"wp-block-group is-layout-grid wp-container-core-group-is-layout-9649a0d9 wp-block-group-is-layout-grid\">\n<h3 class=\"wp-block-heading has-text-align-center wp-container-content-69bc4bdf\" style=\"font-size:24px;line-height:1.3\"><strong>Massage bien-\u00eatre<\/strong><\/h3>\n\n\n\n<p class=\"has-text-align-center wp-container-content-69bc4bdf\">Une partie du corps au choix<\/p>\n\n\n\n<p class=\"has-text-align-center wp-container-content-69bc4bdf\">30 min : 40\u20ac<\/p>\n<\/div>\n\n\n\n<p><\/p>\n\n\n\n<p><\/p>\n\n\n\n<div class=\"wp-block-group is-layout-grid wp-container-core-group-is-layout-9649a0d9 wp-block-group-is-layout-grid\">\n<figure class=\"wp-block-image size-full\"><img loading=\"lazy\" decoding=\"async\" width=\"1017\" height=\"661\" src=\"https:\/\/kine-osteo-bischwiller.fr\/wp-content\/uploads\/2024\/09\/Capture-decran-2024-09-09-142946-1.png\" alt=\"\" class=\"wp-image-301\" srcset=\"https:\/\/kine-osteo-bischwiller.fr\/wp-content\/uploads\/2024\/09\/Capture-decran-2024-09-09-142946-1.png 1017w, https:\/\/kine-osteo-bischwiller.fr\/wp-content\/uploads\/2024\/09\/Capture-decran-2024-09-09-142946-1-300x195.png 300w, https:\/\/kine-osteo-bischwiller.fr\/wp-content\/uploads\/2024\/09\/Capture-decran-2024-09-09-142946-1-768x499.png 768w\" sizes=\"auto, (max-width: 1017px) 100vw, 1017px\" \/><\/figure>\n<\/div>\n<\/div>\n\n\n\n<div class=\"wp-block-column is-layout-flow wp-block-column-is-layout-flow\"><\/div>\n<\/div>\n<\/div>\n<\/div>\n<\/div>\n<\/div>\n\n\n\n<div class=\"wp-block-columns alignfull has-text-color has-background is-layout-flex wp-container-core-columns-is-layout-9d6595d7 wp-block-columns-is-layout-flex\" style=\"color:#000000;background-color:#ffffff\">\n<div class=\"wp-block-column is-vertically-aligned-top is-layout-flow wp-block-column-is-layout-flow\">\n<div class=\"wp-block-group is-layout-grid wp-container-core-group-is-layout-9649a0d9 wp-block-group-is-layout-grid\">\n<h3 class=\"wp-block-heading has-text-align-center\" style=\"font-size:24px;line-height:1.3\"><strong>Drainage lymphatique<\/strong><\/h3>\n\n\n\n<p class=\"wp-container-content-69bc4bdf\">Am\u00e9liore la circulation sanguine et lymphatique dans les tissus de la peau<\/p>\n\n\n\n<p class=\"has-text-align-center\">2 membres &#8211; 45 min : 80\u20ac<\/p>\n\n\n\n<p class=\"has-text-align-center\">4 membres et ventre &#8211; 1h30 : 120\u20ac<\/p>\n\n\n\n<figure class=\"wp-block-image size-full wp-container-content-69bc4bdf\"><img loading=\"lazy\" decoding=\"async\" width=\"921\" height=\"608\" src=\"https:\/\/kine-osteo-bischwiller.fr\/wp-content\/uploads\/2024\/09\/Capture-decran-2024-09-09-150026.png\" alt=\"\" class=\"wp-image-302\" srcset=\"https:\/\/kine-osteo-bischwiller.fr\/wp-content\/uploads\/2024\/09\/Capture-decran-2024-09-09-150026.png 921w, https:\/\/kine-osteo-bischwiller.fr\/wp-content\/uploads\/2024\/09\/Capture-decran-2024-09-09-150026-300x198.png 300w, https:\/\/kine-osteo-bischwiller.fr\/wp-content\/uploads\/2024\/09\/Capture-decran-2024-09-09-150026-768x507.png 768w\" sizes=\"auto, (max-width: 921px) 100vw, 921px\" \/><\/figure>\n<\/div>\n<\/div>\n\n\n\n<div class=\"wp-block-column is-vertically-aligned-top is-layout-flow wp-block-column-is-layout-flow\">\n<div class=\"wp-block-columns is-layout-flex wp-container-core-columns-is-layout-9d6595d7 wp-block-columns-is-layout-flex\">\n<div class=\"wp-block-column is-layout-flow wp-block-column-is-layout-flow\" style=\"flex-basis:100%\">\n<div class=\"wp-block-group is-layout-grid wp-container-core-group-is-layout-9649a0d9 wp-block-group-is-layout-grid\">\n<h3 class=\"wp-block-heading\" style=\"font-size:24px;line-height:1.3\"><strong>Pressoth\u00e9rapie<\/strong><\/h3>\n\n\n\n<p>Technique par pression qui active la circulation sanguine et lymphatique, elle est effectu\u00e9e avec de larges bottes.<\/p>\n\n\n\n<p>25 min : 25\u20ac<\/p>\n\n\n\n<p><\/p>\n\n\n\n<figure class=\"wp-block-image size-full\"><img loading=\"lazy\" decoding=\"async\" width=\"972\" height=\"515\" src=\"https:\/\/kine-osteo-bischwiller.fr\/wp-content\/uploads\/2024\/09\/Capture-decran-2024-09-09-164605.png\" alt=\"\" class=\"wp-image-322\" srcset=\"https:\/\/kine-osteo-bischwiller.fr\/wp-content\/uploads\/2024\/09\/Capture-decran-2024-09-09-164605.png 972w, https:\/\/kine-osteo-bischwiller.fr\/wp-content\/uploads\/2024\/09\/Capture-decran-2024-09-09-164605-300x159.png 300w, https:\/\/kine-osteo-bischwiller.fr\/wp-content\/uploads\/2024\/09\/Capture-decran-2024-09-09-164605-768x407.png 768w\" sizes=\"auto, (max-width: 972px) 100vw, 972px\" \/><\/figure>\n<\/div>\n<\/div>\n<\/div>\n<\/div>\n\n\n\n<div class=\"wp-block-column is-vertically-aligned-center is-layout-flow wp-block-column-is-layout-flow\">\n<h3 class=\"wp-block-heading\" style=\"font-size:24px;line-height:1.3\"><strong>Massage abdominal<\/strong><\/h3>\n\n\n\n<p>Soulage les troubles digestifs (ballonnements, douleurs, constipation,..)<\/p>\n\n\n\n<p>45 min : 60\u20ac<\/p>\n<\/div>\n<\/div>\n\n\n\n<p><\/p>\n\n\n\n<div class=\"wp-block-media-text is-stacked-on-mobile\"><figure class=\"wp-block-media-text__media\"><\/figure><div class=\"wp-block-media-text__content\">\n<p><\/p>\n<\/div><\/div>\n","protected":false},"excerpt":{"rendered":"<p>\u2728 Forte de mon exp\u00e9rience en tant que kin\u00e9sith\u00e9rapeute, je vous propose diff\u00e9rents soins bien-\u00eatre adapt\u00e9s \u00e0 vos besoins.\ud83d\udcc5 Vous pouvez prendre rendez-vous directement en ligne via Doctolib, ou me contacter pour plus d\u2019informations. \ud83c\udf81 Envie de faire plaisir \u00e0 un proche ? Offrez un moment de d\u00e9tente gr\u00e2ce aux bons cadeaux disponibles ! Massage [&hellip;]<\/p>\n","protected":false},"author":1,"featured_media":0,"parent":0,"menu_order":0,"comment_status":"closed","ping_status":"closed","template":"","meta":{"footnotes":""},"class_list":["post-293","page","type-page","status-publish","hentry"],"_links":{"self":[{"href":"https:\/\/kine-osteo-bischwiller.fr\/index.php?rest_route=\/wp\/v2\/pages\/293","targetHints":{"allow":["GET"]}}],"collection":[{"href":"https:\/\/kine-osteo-bischwiller.fr\/index.php?rest_route=\/wp\/v2\/pages"}],"about":[{"href":"https:\/\/kine-osteo-bischwiller.fr\/index.php?rest_route=\/wp\/v2\/types\/page"}],"author":[{"embeddable":true,"href":"https:\/\/kine-osteo-bischwiller.fr\/index.php?rest_route=\/wp\/v2\/users\/1"}],"replies":[{"embeddable":true,"href":"https:\/\/kine-osteo-bischwiller.fr\/index.php?rest_route=%2Fwp%2Fv2%2Fcomments&post=293"}],"version-history":[{"count":18,"href":"https:\/\/kine-osteo-bischwiller.fr\/index.php?rest_route=\/wp\/v2\/pages\/293\/revisions"}],"predecessor-version":[{"id":411,"href":"https:\/\/kine-osteo-bischwiller.fr\/index.php?rest_route=\/wp\/v2\/pages\/293\/revisions\/411"}],"wp:attachment":[{"href":"https:\/\/kine-osteo-bischwiller.fr\/index.php?rest_route=%2Fwp%2Fv2%2Fmedia&parent=293"}],"curies":[{"name":"wp","href":"https:\/\/api.w.org\/{rel}","templated":true}]}}