{"id":215,"date":"2023-10-09T12:48:24","date_gmt":"2023-10-09T10:48:24","guid":{"rendered":"https:\/\/kine-osteo-bischwiller.fr\/?page_id=215"},"modified":"2023-10-09T13:14:53","modified_gmt":"2023-10-09T11:14:53","slug":"atelier-bebe","status":"publish","type":"page","link":"https:\/\/kine-osteo-bischwiller.fr\/?page_id=215","title":{"rendered":"Atelier b\u00e9b\u00e9"},"content":{"rendered":"\n<p>Au sein du cabinet, Pauline vous propose de d\u00e9couvrir les joies du portage physiologique et les plaisirs du massage b\u00e9b\u00e9.<\/p>\n\n\n\n<p>Venez apprendre \u00e0 porter et masser vos b\u00e9b\u00e9 !<\/p>\n\n\n\n<p>A la recherche d&rsquo;une id\u00e9e cadeau pour une naissance ? Pensez aux bons cadeaux !<\/p>\n","protected":false},"excerpt":{"rendered":"<p>Au sein du cabinet, Pauline vous propose de d\u00e9couvrir les joies du portage physiologique et les plaisirs du massage b\u00e9b\u00e9. Venez apprendre \u00e0 porter et masser vos b\u00e9b\u00e9 ! A la recherche d&rsquo;une id\u00e9e cadeau pour une naissance ? Pensez aux bons cadeaux !<\/p>\n","protected":false},"author":1,"featured_media":0,"parent":0,"menu_order":0,"comment_status":"closed","ping_status":"closed","template":"","meta":{"footnotes":""},"class_list":["post-215","page","type-page","status-publish","hentry"],"_links":{"self":[{"href":"https:\/\/kine-osteo-bischwiller.fr\/index.php?rest_route=\/wp\/v2\/pages\/215","targetHints":{"allow":["GET"]}}],"collection":[{"href":"https:\/\/kine-osteo-bischwiller.fr\/index.php?rest_route=\/wp\/v2\/pages"}],"about":[{"href":"https:\/\/kine-osteo-bischwiller.fr\/index.php?rest_route=\/wp\/v2\/types\/page"}],"author":[{"embeddable":true,"href":"https:\/\/kine-osteo-bischwiller.fr\/index.php?rest_route=\/wp\/v2\/users\/1"}],"replies":[{"embeddable":true,"href":"https:\/\/kine-osteo-bischwiller.fr\/index.php?rest_route=%2Fwp%2Fv2%2Fcomments&post=215"}],"version-history":[{"count":3,"href":"https:\/\/kine-osteo-bischwiller.fr\/index.php?rest_route=\/wp\/v2\/pages\/215\/revisions"}],"predecessor-version":[{"id":231,"href":"https:\/\/kine-osteo-bischwiller.fr\/index.php?rest_route=\/wp\/v2\/pages\/215\/revisions\/231"}],"wp:attachment":[{"href":"https:\/\/kine-osteo-bischwiller.fr\/index.php?rest_route=%2Fwp%2Fv2%2Fmedia&parent=215"}],"curies":[{"name":"wp","href":"https:\/\/api.w.org\/{rel}","templated":true}]}}