{"id":195,"date":"2023-10-09T11:07:25","date_gmt":"2023-10-09T09:07:25","guid":{"rendered":"https:\/\/kine-osteo-bischwiller.fr\/?page_id=195"},"modified":"2025-09-16T14:05:53","modified_gmt":"2025-09-16T12:05:53","slug":"pauline-klein","status":"publish","type":"page","link":"https:\/\/kine-osteo-bischwiller.fr\/?page_id=195","title":{"rendered":"Pauline Klein"},"content":{"rendered":"<div class=\"wp-block-image\">\n<figure class=\"alignright size-full is-resized\"><img loading=\"lazy\" decoding=\"async\" width=\"1622\" height=\"2560\" src=\"https:\/\/kine-osteo-bischwiller.fr\/wp-content\/uploads\/2024\/07\/IMG_7568-EDIT-scaled.jpg\" alt=\"\" class=\"wp-image-274\" style=\"aspect-ratio:0.8123076923076923;width:269px;height:auto\" srcset=\"https:\/\/kine-osteo-bischwiller.fr\/wp-content\/uploads\/2024\/07\/IMG_7568-EDIT-scaled.jpg 1622w, https:\/\/kine-osteo-bischwiller.fr\/wp-content\/uploads\/2024\/07\/IMG_7568-EDIT-190x300.jpg 190w, https:\/\/kine-osteo-bischwiller.fr\/wp-content\/uploads\/2024\/07\/IMG_7568-EDIT-649x1024.jpg 649w, https:\/\/kine-osteo-bischwiller.fr\/wp-content\/uploads\/2024\/07\/IMG_7568-EDIT-768x1212.jpg 768w, https:\/\/kine-osteo-bischwiller.fr\/wp-content\/uploads\/2024\/07\/IMG_7568-EDIT-973x1536.jpg 973w, https:\/\/kine-osteo-bischwiller.fr\/wp-content\/uploads\/2024\/07\/IMG_7568-EDIT-1297x2048.jpg 1297w, https:\/\/kine-osteo-bischwiller.fr\/wp-content\/uploads\/2024\/07\/IMG_7568-EDIT-1200x1894.jpg 1200w\" sizes=\"auto, (max-width: 1622px) 100vw, 1622px\" \/><\/figure>\n<\/div>\n\n\n<p>Dipl\u00f4m\u00e9e en kin\u00e9sith\u00e9rapie depuis 2011 (\u00e9cole d\u2019Ortenau, Allemagne) et en ost\u00e9opathie depuis 2018 (IFSO Paris), je vous accueille dans mon cabinet \u00e0 Bischwiller pour des soins personnalis\u00e9s et adapt\u00e9s \u00e0 vos besoins.<\/p>\n\n\n\n<p>J\u2019assure la r\u00e9\u00e9ducation aupr\u00e8s de tous les publics : adultes, nourrissons, enfants, femmes enceintes et personnes \u00e2g\u00e9es.<\/p>\n\n\n\n<p>Je me suis sp\u00e9cialis\u00e9e en r\u00e9\u00e9ducation pelvi-p\u00e9rin\u00e9ale (prise en charge du plancher pelvien et de l\u2019endom\u00e9triose), en r\u00e9\u00e9ducation post-cancer du sein, ainsi qu\u2019en drainage lymphatique et en accompagnement de la femme enceinte.<\/p>\n\n\n\n<p>En ost\u00e9opathie, je suis form\u00e9e sp\u00e9cifiquement pour le suivi du nourrisson, de la femme enceinte et de la sph\u00e8re pelvienne.<br>L\u2019ost\u00e9opathie est une approche manuelle douce qui repose sur une vision globale du corps humain.<\/p>\n\n\n\n<p>Je propose \u00e9galement des soins bien-\u00eatre, \u00e0 d\u00e9couvrir dans l\u2019onglet d\u00e9di\u00e9.<\/p>\n\n\n\n<p><em><mark style=\"background-color:rgba(0, 0, 0, 0)\" class=\"has-inline-color has-vivid-cyan-blue-color\">Prenez rendez-vous avec Pauline via <a href=\"https:\/\/www.doctolib.fr\/osteopathe\/bischwiller\/pauline-klein\">Doctolib<\/a>.<\/mark><\/em> <\/p>\n\n\n\n<figure class=\"wp-block-image size-large is-resized is-style-rounded\"><a class=\"\" href=\"https:\/\/www.doctolib.fr\/osteopathe\/bischwiller\/pauline-klein\" target=\"_blank\" rel=\"noopener\"><img loading=\"lazy\" decoding=\"async\" width=\"108\" height=\"46\" src=\"https:\/\/kine-osteo-bischwiller.fr\/wp-content\/uploads\/2021\/04\/Doctolib.png\" alt=\"Doctolib\" class=\"wp-image-76\" style=\"width:134px;height:57px\"\/><\/a><\/figure>\n","protected":false},"excerpt":{"rendered":"<p>Dipl\u00f4m\u00e9e en kin\u00e9sith\u00e9rapie depuis 2011 (\u00e9cole d\u2019Ortenau, Allemagne) et en ost\u00e9opathie depuis 2018 (IFSO Paris), je vous accueille dans mon cabinet \u00e0 Bischwiller pour des soins personnalis\u00e9s et adapt\u00e9s \u00e0 vos besoins. J\u2019assure la r\u00e9\u00e9ducation aupr\u00e8s de tous les publics : adultes, nourrissons, enfants, femmes enceintes et personnes \u00e2g\u00e9es. Je me suis sp\u00e9cialis\u00e9e en r\u00e9\u00e9ducation [&hellip;]<\/p>\n","protected":false},"author":1,"featured_media":0,"parent":102,"menu_order":1,"comment_status":"closed","ping_status":"closed","template":"","meta":{"footnotes":""},"class_list":["post-195","page","type-page","status-publish","hentry"],"_links":{"self":[{"href":"https:\/\/kine-osteo-bischwiller.fr\/index.php?rest_route=\/wp\/v2\/pages\/195","targetHints":{"allow":["GET"]}}],"collection":[{"href":"https:\/\/kine-osteo-bischwiller.fr\/index.php?rest_route=\/wp\/v2\/pages"}],"about":[{"href":"https:\/\/kine-osteo-bischwiller.fr\/index.php?rest_route=\/wp\/v2\/types\/page"}],"author":[{"embeddable":true,"href":"https:\/\/kine-osteo-bischwiller.fr\/index.php?rest_route=\/wp\/v2\/users\/1"}],"replies":[{"embeddable":true,"href":"https:\/\/kine-osteo-bischwiller.fr\/index.php?rest_route=%2Fwp%2Fv2%2Fcomments&post=195"}],"version-history":[{"count":6,"href":"https:\/\/kine-osteo-bischwiller.fr\/index.php?rest_route=\/wp\/v2\/pages\/195\/revisions"}],"predecessor-version":[{"id":402,"href":"https:\/\/kine-osteo-bischwiller.fr\/index.php?rest_route=\/wp\/v2\/pages\/195\/revisions\/402"}],"up":[{"embeddable":true,"href":"https:\/\/kine-osteo-bischwiller.fr\/index.php?rest_route=\/wp\/v2\/pages\/102"}],"wp:attachment":[{"href":"https:\/\/kine-osteo-bischwiller.fr\/index.php?rest_route=%2Fwp%2Fv2%2Fmedia&parent=195"}],"curies":[{"name":"wp","href":"https:\/\/api.w.org\/{rel}","templated":true}]}}