{"id":131,"date":"2023-09-21T21:30:08","date_gmt":"2023-09-21T19:30:08","guid":{"rendered":"https:\/\/kine-osteo-bischwiller.fr\/?page_id=131"},"modified":"2025-09-16T14:11:24","modified_gmt":"2025-09-16T12:11:24","slug":"osteopathie","status":"publish","type":"page","link":"https:\/\/kine-osteo-bischwiller.fr\/?page_id=131","title":{"rendered":"Ost\u00e9opathie"},"content":{"rendered":"\n<h3 class=\"wp-block-heading\" id=\"cc-m-header-13593312035\">Qu\u2019est-ce que l\u2019ost\u00e9opathie ?<\/h3>\n\n\n\n<p>L\u2019ost\u00e9opathie est une approche th\u00e9rapeutique manuelle qui vise \u00e0 r\u00e9tablir l\u2019\u00e9quilibre et la mobilit\u00e9 du corps.<br>Elle repose sur l\u2019id\u00e9e que lorsque les structures (os, muscles, articulations, ligaments, organes, etc.) retrouvent leur libert\u00e9 de mouvement, le corps peut mieux fonctionner et s\u2019autor\u00e9guler.<\/p>\n\n\n\n<p>L\u2019ost\u00e9opathe utilise des techniques douces, adapt\u00e9es \u00e0 chaque patient, pour soulager les tensions, am\u00e9liorer la circulation et favoriser le bien-\u00eatre global.<br>L\u2019ost\u00e9opathie s\u2019adresse \u00e0 tous : nourrissons, enfants, adultes, femmes enceintes, sportifs et seniors.<\/p>\n\n\n\n<p>Elle peut accompagner dans de nombreuses situations :<\/p>\n\n\n\n<ul class=\"wp-block-list\">\n<li>douleurs articulaires ou musculaires,<\/li>\n\n\n\n<li>troubles digestifs,<\/li>\n\n\n\n<li>maux de t\u00eate,<\/li>\n\n\n\n<li>inconfort li\u00e9 \u00e0 la grossesse,<\/li>\n\n\n\n<li>r\u00e9cup\u00e9ration apr\u00e8s un effort ou une blessure,<\/li>\n\n\n\n<li>douleurs pelviennes, endom\u00e9triose,<\/li>\n\n\n\n<li>ou simplement dans une d\u00e9marche de pr\u00e9vention et de mieux-\u00eatre.<\/li>\n<\/ul>\n\n\n\n<p>L\u2019ost\u00e9opathie ne se substitue pas \u00e0 un suivi m\u00e9dical, mais elle peut \u00eatre un compl\u00e9ment efficace pour prendre soin de sa sant\u00e9 de fa\u00e7on globale et naturelle.<\/p>\n\n\n\n<p><\/p>\n\n\n\n<p>Prix de la consultation : 65\u20ac<\/p>\n\n\n\n<p>Les consultations d\u2019ost\u00e9opathie ne sont pas rembours\u00e9es par l\u2019Assurance Maladie. En revanche, certaines mutuelles proposent une prise en charge partielle ou totale. Une facture vous sera remise \u00e0 l\u2019issue de la consultation. <\/p>\n\n\n\n<p><\/p>\n","protected":false},"excerpt":{"rendered":"<p>Qu\u2019est-ce que l\u2019ost\u00e9opathie ? L\u2019ost\u00e9opathie est une approche th\u00e9rapeutique manuelle qui vise \u00e0 r\u00e9tablir l\u2019\u00e9quilibre et la mobilit\u00e9 du corps.Elle repose sur l\u2019id\u00e9e que lorsque les structures (os, muscles, articulations, ligaments, organes, etc.) retrouvent leur libert\u00e9 de mouvement, le corps peut mieux fonctionner et s\u2019autor\u00e9guler. L\u2019ost\u00e9opathe utilise des techniques douces, adapt\u00e9es \u00e0 chaque patient, pour [&hellip;]<\/p>\n","protected":false},"author":1,"featured_media":0,"parent":0,"menu_order":0,"comment_status":"closed","ping_status":"closed","template":"","meta":{"footnotes":""},"class_list":["post-131","page","type-page","status-publish","hentry"],"_links":{"self":[{"href":"https:\/\/kine-osteo-bischwiller.fr\/index.php?rest_route=\/wp\/v2\/pages\/131","targetHints":{"allow":["GET"]}}],"collection":[{"href":"https:\/\/kine-osteo-bischwiller.fr\/index.php?rest_route=\/wp\/v2\/pages"}],"about":[{"href":"https:\/\/kine-osteo-bischwiller.fr\/index.php?rest_route=\/wp\/v2\/types\/page"}],"author":[{"embeddable":true,"href":"https:\/\/kine-osteo-bischwiller.fr\/index.php?rest_route=\/wp\/v2\/users\/1"}],"replies":[{"embeddable":true,"href":"https:\/\/kine-osteo-bischwiller.fr\/index.php?rest_route=%2Fwp%2Fv2%2Fcomments&post=131"}],"version-history":[{"count":5,"href":"https:\/\/kine-osteo-bischwiller.fr\/index.php?rest_route=\/wp\/v2\/pages\/131\/revisions"}],"predecessor-version":[{"id":404,"href":"https:\/\/kine-osteo-bischwiller.fr\/index.php?rest_route=\/wp\/v2\/pages\/131\/revisions\/404"}],"wp:attachment":[{"href":"https:\/\/kine-osteo-bischwiller.fr\/index.php?rest_route=%2Fwp%2Fv2%2Fmedia&parent=131"}],"curies":[{"name":"wp","href":"https:\/\/api.w.org\/{rel}","templated":true}]}}